{"id":3,"date":"2022-04-29T15:41:02","date_gmt":"2022-04-29T15:41:02","guid":{"rendered":"http:\/\/box2015\/cgi\/addon_GT.cgi?s=GT::WP::Install::EIG+%28hpuoyfmy%29+-+10.0.87.62+%5BWordpress%3b+\/var\/hp\/common\/lib\/Wordpress.pm%3b+543%3b+Hosting::gap_call%5D\/?page_id=3"},"modified":"2022-08-08T07:33:14","modified_gmt":"2022-08-08T05:33:14","slug":"privacy","status":"publish","type":"page","link":"https:\/\/villaripaud.com\/fr\/privacy\/","title":{"rendered":"Politique de confidentialit\u00e9"},"content":{"rendered":"<div data-elementor-type=\"wp-page\" data-elementor-id=\"3\" class=\"elementor elementor-3\">\n\t\t\t\t\t\t<section class=\"elementor-section elementor-top-section elementor-element elementor-element-f941014 elementor-section-height-min-height elementor-section-boxed elementor-section-height-default elementor-section-items-middle\" data-id=\"f941014\" data-element_type=\"section\" data-e-type=\"section\" data-settings=\"{&quot;background_background&quot;:&quot;classic&quot;}\">\n\t\t\t\t\t\t\t<div class=\"elementor-background-overlay\"><\/div>\n\t\t\t\t\t\t\t<div class=\"elementor-container elementor-column-gap-default\">\n\t\t\t\t\t<div class=\"elementor-column elementor-col-100 elementor-top-column elementor-element elementor-element-1560261\" data-id=\"1560261\" data-element_type=\"column\" data-e-type=\"column\">\n\t\t\t<div class=\"elementor-widget-wrap elementor-element-populated\">\n\t\t\t\t\t\t<div class=\"elementor-element elementor-element-7a2fdec elementor-widget elementor-widget-heading\" data-id=\"7a2fdec\" data-element_type=\"widget\" data-e-type=\"widget\" data-widget_type=\"heading.default\">\n\t\t\t\t<div class=\"elementor-widget-container\">\n\t\t\t\t\t<h1 class=\"elementor-heading-title elementor-size-xxl\">Politique de confidentialit\u00e9<\/h1>\t\t\t\t<\/div>\n\t\t\t\t<\/div>\n\t\t\t\t\t<\/div>\n\t\t<\/div>\n\t\t\t\t\t<\/div>\n\t\t<\/section>\n\t\t\t\t<section class=\"elementor-section elementor-top-section elementor-element elementor-element-38398724 elementor-section-boxed elementor-section-height-default elementor-section-height-default\" data-id=\"38398724\" data-element_type=\"section\" data-e-type=\"section\">\n\t\t\t\t\t\t<div class=\"elementor-container elementor-column-gap-default\">\n\t\t\t\t\t<div class=\"elementor-column elementor-col-100 elementor-top-column elementor-element elementor-element-5590cf92\" data-id=\"5590cf92\" data-element_type=\"column\" data-e-type=\"column\">\n\t\t\t<div class=\"elementor-widget-wrap elementor-element-populated\">\n\t\t\t\t\t\t<div class=\"elementor-element elementor-element-1a9423d elementor-widget elementor-widget-text-editor\" data-id=\"1a9423d\" data-element_type=\"widget\" data-e-type=\"widget\" data-widget_type=\"text-editor.default\">\n\t\t\t\t<div class=\"elementor-widget-container\">\n\t\t\t\t\t\t\t\t\t<p>Sur villaripaud.com, accessible depuis http:\/\/villaripaud.com, l'une de nos principales priorit\u00e9s est la protection de la vie priv\u00e9e de nos visiteurs. Ce document de politique de confidentialit\u00e9 contient les types d'informations collect\u00e9es et enregistr\u00e9es par villaripaud.com et la mani\u00e8re dont nous les utilisons.<\/p>\n<p>Si vous avez des questions suppl\u00e9mentaires ou si vous souhaitez obtenir plus d'informations sur notre politique de protection de la vie priv\u00e9e, n'h\u00e9sitez pas \u00e0 nous contacter.<\/p>\n<p>Cette politique de confidentialit\u00e9 ne s'applique qu'\u00e0 nos activit\u00e9s en ligne et est valable pour les visiteurs de notre site web en ce qui concerne les informations qu'ils partagent et\/ou collectent sur villaripaud.com. Cette politique ne s'applique pas aux informations collect\u00e9es hors ligne ou via d'autres canaux que ce site web.<br><\/p>\n<h2>Consentement<\/h2>\n<p>En utilisant notre site web, vous consentez par la pr\u00e9sente \u00e0 notre politique de confidentialit\u00e9 et en acceptez les termes.<\/p>\n<h2>Informations collect\u00e9es<\/h2>\n<p>Les informations personnelles qui vous sont demand\u00e9es, et les raisons pour lesquelles elles vous sont demand\u00e9es, vous seront pr\u00e9cis\u00e9es au moment o\u00f9 nous vous demanderons de fournir vos informations personnelles.<\/p>\n<p>Si vous nous contactez directement, nous pouvons recevoir des informations suppl\u00e9mentaires vous concernant, telles que votre nom, votre adresse \u00e9lectronique, votre num\u00e9ro de t\u00e9l\u00e9phone, le contenu du message et\/ou des pi\u00e8ces jointes que vous pouvez nous envoyer, ainsi que toute autre information que vous pouvez choisir de fournir.<\/p>\n<p>Lorsque vous vous inscrivez \u00e0 un compte, nous pouvons vous demander vos coordonn\u00e9es, notamment votre nom, le nom de votre entreprise, votre adresse, votre adresse \u00e9lectronique et votre num\u00e9ro de t\u00e9l\u00e9phone.<\/p>\n<h2>Comment nous utilisons vos informations<\/h2>\n<p>Nous utilisons les informations que nous recueillons de diverses mani\u00e8res, notamment pour :<\/p>\n<ul>\n<li>Fournir, exploiter et maintenir notre site web<\/li>\n<li>Am\u00e9liorer, personnaliser et d\u00e9velopper notre site web<\/li>\n<li>Comprendre et analyser la fa\u00e7on dont vous utilisez notre site web<\/li>\n<li>D\u00e9velopper de nouveaux produits, services, caract\u00e9ristiques et fonctionnalit\u00e9s<\/li>\n<li>communiquer avec vous, soit directement, soit par l'interm\u00e9diaire de l'un de nos partenaires, notamment pour le service client\u00e8le, pour vous fournir des mises \u00e0 jour et d'autres informations relatives au site web, ainsi qu'\u00e0 des fins de marketing et de promotion<\/li>\n<li>Vous envoyer des courriels<\/li>\n<li>D\u00e9tecter et pr\u00e9venir la fraude<\/li>\n<\/ul>\n<h2>Fichiers journaux<\/h2>\n<p>villaripaud.com suit une proc\u00e9dure standard d'utilisation de fichiers journaux. Ces fichiers enregistrent les visiteurs lorsqu'ils visitent les sites web. Toutes les soci\u00e9t\u00e9s d'h\u00e9bergement le font et cela fait partie de l'analyse des services d'h\u00e9bergement. Les informations collect\u00e9es par les fichiers journaux comprennent les adresses IP (Internet Protocol), le type de navigateur, le fournisseur d'acc\u00e8s \u00e0 Internet (FAI), la date et l'heure, les pages de renvoi et de sortie, et \u00e9ventuellement le nombre de clics. Ces donn\u00e9es ne sont pas li\u00e9es \u00e0 des informations personnellement identifiables. L'objectif de ces informations est d'analyser les tendances, d'administrer le site, de suivre les mouvements des utilisateurs sur le site et de recueillir des informations d\u00e9mographiques.<\/p>\n<h2>Cookies et balises web<\/h2>\n<p>Comme tout autre site web, villaripaud.com utilise des \u2018cookies\u2019. Ces cookies sont utilis\u00e9s pour stocker des informations, y compris les pr\u00e9f\u00e9rences des visiteurs et les pages du site Web auxquelles le visiteur a acc\u00e9d\u00e9 ou qu'il a visit\u00e9es. Ces informations sont utilis\u00e9es pour optimiser l'exp\u00e9rience des utilisateurs en personnalisant le contenu de nos pages web en fonction du type de navigateur des visiteurs et\/ou d'autres informations.<\/p>\n<h2>Partenaires publicitaires Politiques de confidentialit\u00e9<\/h2>\n<p>Vous pouvez consulter cette liste pour trouver la politique de confidentialit\u00e9 de chacun des partenaires publicitaires de villaripaud.com.<\/p>\n<p>Les serveurs publicitaires tiers ou les r\u00e9seaux publicitaires utilisent des technologies telles que les cookies, le JavaScript ou les balises Web qui sont utilis\u00e9es dans leurs publicit\u00e9s et liens respectifs qui apparaissent sur villaripaud.com et qui sont envoy\u00e9s directement au navigateur de l'utilisateur. Ils re\u00e7oivent automatiquement votre adresse IP lorsque cela se produit. Ces technologies sont utilis\u00e9es pour mesurer l'efficacit\u00e9 de leurs campagnes publicitaires et\/ou pour personnaliser le contenu publicitaire que vous voyez sur les sites web que vous visitez.<\/p>\n<p>Il est \u00e0 noter que villaripaud.com n'a aucun acc\u00e8s ou contr\u00f4le sur ces cookies utilis\u00e9s par des annonceurs tiers.<\/p>\n<h2>Politiques de confidentialit\u00e9 des tiers<\/h2>\n<p>La politique de confidentialit\u00e9 de villaripaud.com ne s'applique pas aux autres annonceurs ou sites web. Nous vous conseillons donc de consulter les politiques de confidentialit\u00e9 respectives de ces serveurs publicitaires tiers pour obtenir des informations plus d\u00e9taill\u00e9es. Cela peut inclure leurs pratiques et des instructions sur la fa\u00e7on de refuser certaines options.<\/p>\n<p>Vous pouvez choisir de d\u00e9sactiver les cookies par le biais des options de votre navigateur. Pour obtenir des informations plus d\u00e9taill\u00e9es sur la gestion des cookies avec des navigateurs web sp\u00e9cifiques, vous pouvez consulter les sites web respectifs de ces navigateurs.<\/p>\n<h2>Droits de la protection de la vie priv\u00e9e de l'ACCP (Ne pas vendre mes informations personnelles)<\/h2>\n<p>En vertu de la CCPA, les consommateurs californiens ont, entre autres, le droit de.. :<\/p>\n<p>Demander \u00e0 une entreprise qui collecte les donn\u00e9es personnelles d'un consommateur de divulguer les cat\u00e9gories et les \u00e9l\u00e9ments sp\u00e9cifiques des donn\u00e9es personnelles qu'elle a collect\u00e9es sur les consommateurs.<\/p>\n<p>Demander \u00e0 une entreprise de supprimer toutes les donn\u00e9es \u00e0 caract\u00e8re personnel qu'elle a recueillies sur le consommateur.<\/p>\n<p>Demander qu'une entreprise qui vend les donn\u00e9es personnelles d'un consommateur ne vende pas les donn\u00e9es personnelles du consommateur.<\/p>\n<p>Si vous faites une demande, nous avons un mois pour vous r\u00e9pondre. Si vous souhaitez exercer l'un de ces droits, veuillez nous contacter.<\/p>\n<h2>GDPR Droits \u00e0 la protection des donn\u00e9es<\/h2>\n<p>Nous souhaitons nous assurer que vous \u00eates pleinement conscient de vos droits en mati\u00e8re de protection des donn\u00e9es. Chaque utilisateur a droit \u00e0 ce qui suit :<\/p>\n<p>Droit d'acc\u00e8s - Vous avez le droit de demander des copies de vos donn\u00e9es personnelles. Il se peut que nous vous facturions une somme modique pour ce service.<\/p>\n<p>Droit de rectification - Vous avez le droit de nous demander de corriger toute information que vous estimez inexacte. Vous avez \u00e9galement le droit de nous demander de compl\u00e9ter les informations que vous estimez incompl\u00e8tes.<\/p>\n<p>Le droit \u00e0 l'effacement - Vous avez le droit de nous demander d'effacer vos donn\u00e9es personnelles, sous certaines conditions.<\/p>\n<p>Le droit de restreindre le traitement - Vous avez le droit de nous demander de restreindre le traitement de vos donn\u00e9es personnelles, sous certaines conditions.<\/p>\n<p>Le droit de s'opposer au traitement - Vous avez le droit de vous opposer \u00e0 ce que nous traitions vos donn\u00e9es personnelles, sous certaines conditions.<\/p>\n<p>Droit \u00e0 la portabilit\u00e9 des donn\u00e9es - Vous avez le droit de nous demander de transf\u00e9rer les donn\u00e9es que nous avons collect\u00e9es \u00e0 une autre organisation, ou directement \u00e0 vous, sous certaines conditions.<\/p>\n<p>Si vous faites une demande, nous avons un mois pour vous r\u00e9pondre. Si vous souhaitez exercer l'un de ces droits, veuillez nous contacter.<\/p>\n<h2>Informations pour les enfants<\/h2>\n<p>Une autre de nos priorit\u00e9s est de renforcer la protection des enfants lorsqu'ils utilisent l'internet. Nous encourageons les parents et les tuteurs \u00e0 observer leurs activit\u00e9s en ligne, \u00e0 y participer et\/ou \u00e0 les surveiller et \u00e0 les guider.<\/p>\n<p>Si vous pensez que votre enfant a fourni ce type d'informations sur notre site web, nous vous encourageons vivement \u00e0 nous contacter imm\u00e9diatement et nous ferons tout notre possible pour supprimer rapidement ces informations de nos dossiers.<\/p>\t\t\t\t\t\t\t\t<\/div>\n\t\t\t\t<\/div>\n\t\t\t\t\t<\/div>\n\t\t<\/div>\n\t\t\t\t\t<\/div>\n\t\t<\/section>\n\t\t\t\t<\/div>","protected":false},"excerpt":{"rendered":"<p>Privacy Policy At villaripaud.com, accessible from http:\/\/villaripaud.com, one of our main priorities is the privacy of our visitors. This Privacy Policy document contains types of information that is collected and recorded by villaripaud.com and how we use it. If you have additional questions or require more information about our Privacy Policy, do not hesitate to&#8230;<\/p>","protected":false},"author":1,"featured_media":0,"parent":0,"menu_order":0,"comment_status":"closed","ping_status":"open","template":"","meta":{"_kad_post_transparent":"","_kad_post_title":"","_kad_post_layout":"","_kad_post_sidebar_id":"","_kad_post_content_style":"","_kad_post_vertical_padding":"","_kad_post_feature":"","_kad_post_feature_position":"","_kad_post_header":false,"_kad_post_footer":false,"_kad_post_classname":"","footnotes":""},"class_list":["post-3","page","type-page","status-publish","hentry"],"yoast_head":"<!-- This site is optimized with the Yoast SEO plugin v27.4 - https:\/\/yoast.com\/product\/yoast-seo-wordpress\/ -->\n<title>Privacy Policy | Holiday rental in the Corbi\u00e8res - Villa Ripaud<\/title>\n<meta name=\"robots\" content=\"index, follow, max-snippet:-1, max-image-preview:large, max-video-preview:-1\" \/>\n<link rel=\"canonical\" href=\"https:\/\/villaripaud.com\/fr\/privacy\/\" \/>\n<meta property=\"og:locale\" content=\"fr_FR\" \/>\n<meta property=\"og:type\" content=\"article\" \/>\n<meta property=\"og:title\" content=\"Privacy Policy | Holiday rental in the Corbi\u00e8res - Villa Ripaud\" \/>\n<meta property=\"og:description\" content=\"Privacy Policy At villaripaud.com, accessible from http:\/\/villaripaud.com, one of our main priorities is the privacy of our visitors. This Privacy Policy document contains types of information that is collected and recorded by villaripaud.com and how we use it. If you have additional questions or require more information about our Privacy Policy, do not hesitate to...\" \/>\n<meta property=\"og:url\" content=\"https:\/\/villaripaud.com\/fr\/privacy\/\" \/>\n<meta property=\"og:site_name\" content=\"Holiday rental in the Corbi\u00e8res - Villa Ripaud\" \/>\n<meta property=\"article:publisher\" content=\"https:\/\/www.facebook.com\/VillaRipaud\/\" \/>\n<meta property=\"article:modified_time\" content=\"2022-08-08T05:33:14+00:00\" \/>\n<meta property=\"og:image\" content=\"https:\/\/villaripaud.com\/wp-content\/uploads\/2022\/07\/Holidays-in-the-Corbieres2.jpg\" \/>\n\t<meta property=\"og:image:width\" content=\"1400\" \/>\n\t<meta property=\"og:image:height\" content=\"1050\" \/>\n\t<meta property=\"og:image:type\" content=\"image\/jpeg\" \/>\n<meta name=\"twitter:card\" content=\"summary_large_image\" \/>\n<meta name=\"twitter:label1\" content=\"Dur\u00e9e de lecture estim\u00e9e\" \/>\n\t<meta name=\"twitter:data1\" content=\"5 minutes\" \/>\n<script type=\"application\/ld+json\" class=\"yoast-schema-graph\">{\"@context\":\"https:\\\/\\\/schema.org\",\"@graph\":[{\"@type\":\"WebPage\",\"@id\":\"https:\\\/\\\/villaripaud.com\\\/privacy\\\/\",\"url\":\"https:\\\/\\\/villaripaud.com\\\/privacy\\\/\",\"name\":\"Privacy Policy | Holiday rental in the Corbi\u00e8res - Villa Ripaud\",\"isPartOf\":{\"@id\":\"https:\\\/\\\/villaripaud.com\\\/#website\"},\"datePublished\":\"2022-04-29T15:41:02+00:00\",\"dateModified\":\"2022-08-08T05:33:14+00:00\",\"breadcrumb\":{\"@id\":\"https:\\\/\\\/villaripaud.com\\\/privacy\\\/#breadcrumb\"},\"inLanguage\":\"fr-FR\",\"potentialAction\":[{\"@type\":\"ReadAction\",\"target\":[\"https:\\\/\\\/villaripaud.com\\\/privacy\\\/\"]}]},{\"@type\":\"BreadcrumbList\",\"@id\":\"https:\\\/\\\/villaripaud.com\\\/privacy\\\/#breadcrumb\",\"itemListElement\":[{\"@type\":\"ListItem\",\"position\":1,\"name\":\"Home\",\"item\":\"https:\\\/\\\/villaripaud.com\\\/\"},{\"@type\":\"ListItem\",\"position\":2,\"name\":\"Privacy Policy\"}]},{\"@type\":\"WebSite\",\"@id\":\"https:\\\/\\\/villaripaud.com\\\/#website\",\"url\":\"https:\\\/\\\/villaripaud.com\\\/\",\"name\":\"Holiday rental in the Corbi\u00e8res - Villa Ripaud\",\"description\":\"Holidays in the Corbi\u00e8res\",\"publisher\":{\"@id\":\"https:\\\/\\\/villaripaud.com\\\/#organization\"},\"potentialAction\":[{\"@type\":\"SearchAction\",\"target\":{\"@type\":\"EntryPoint\",\"urlTemplate\":\"https:\\\/\\\/villaripaud.com\\\/?s={search_term_string}\"},\"query-input\":{\"@type\":\"PropertyValueSpecification\",\"valueRequired\":true,\"valueName\":\"search_term_string\"}}],\"inLanguage\":\"fr-FR\"},{\"@type\":\"Organization\",\"@id\":\"https:\\\/\\\/villaripaud.com\\\/#organization\",\"name\":\"Holiday rental in the Corbi\u00e8res - Villa Ripaud\",\"url\":\"https:\\\/\\\/villaripaud.com\\\/\",\"logo\":{\"@type\":\"ImageObject\",\"inLanguage\":\"fr-FR\",\"@id\":\"https:\\\/\\\/villaripaud.com\\\/#\\\/schema\\\/logo\\\/image\\\/\",\"url\":\"https:\\\/\\\/villaripaud.com\\\/wp-content\\\/uploads\\\/2022\\\/07\\\/cropped-Villaripaud-Logo-500-\u00d7-300px.png\",\"contentUrl\":\"https:\\\/\\\/villaripaud.com\\\/wp-content\\\/uploads\\\/2022\\\/07\\\/cropped-Villaripaud-Logo-500-\u00d7-300px.png\",\"width\":500,\"height\":200,\"caption\":\"Holiday rental in the Corbi\u00e8res - Villa Ripaud\"},\"image\":{\"@id\":\"https:\\\/\\\/villaripaud.com\\\/#\\\/schema\\\/logo\\\/image\\\/\"},\"sameAs\":[\"https:\\\/\\\/www.facebook.com\\\/VillaRipaud\\\/\",\"https:\\\/\\\/www.instagram.com\\\/villaripaud\\\/\"]}]}<\/script>\n<!-- \/ Yoast SEO plugin. -->","yoast_head_json":{"title":"Privacy Policy | Holiday rental in the Corbi\u00e8res - Villa Ripaud","robots":{"index":"index","follow":"follow","max-snippet":"max-snippet:-1","max-image-preview":"max-image-preview:large","max-video-preview":"max-video-preview:-1"},"canonical":"https:\/\/villaripaud.com\/fr\/privacy\/","og_locale":"fr_FR","og_type":"article","og_title":"Privacy Policy | Holiday rental in the Corbi\u00e8res - Villa Ripaud","og_description":"Privacy Policy At villaripaud.com, accessible from http:\/\/villaripaud.com, one of our main priorities is the privacy of our visitors. This Privacy Policy document contains types of information that is collected and recorded by villaripaud.com and how we use it. If you have additional questions or require more information about our Privacy Policy, do not hesitate to...","og_url":"https:\/\/villaripaud.com\/fr\/privacy\/","og_site_name":"Holiday rental in the Corbi\u00e8res - Villa Ripaud","article_publisher":"https:\/\/www.facebook.com\/VillaRipaud\/","article_modified_time":"2022-08-08T05:33:14+00:00","og_image":[{"width":1400,"height":1050,"url":"https:\/\/villaripaud.com\/wp-content\/uploads\/2022\/07\/Holidays-in-the-Corbieres2.jpg","type":"image\/jpeg"}],"twitter_card":"summary_large_image","twitter_misc":{"Dur\u00e9e de lecture estim\u00e9e":"5 minutes"},"schema":{"@context":"https:\/\/schema.org","@graph":[{"@type":"WebPage","@id":"https:\/\/villaripaud.com\/privacy\/","url":"https:\/\/villaripaud.com\/privacy\/","name":"Privacy Policy | Holiday rental in the Corbi\u00e8res - Villa Ripaud","isPartOf":{"@id":"https:\/\/villaripaud.com\/#website"},"datePublished":"2022-04-29T15:41:02+00:00","dateModified":"2022-08-08T05:33:14+00:00","breadcrumb":{"@id":"https:\/\/villaripaud.com\/privacy\/#breadcrumb"},"inLanguage":"fr-FR","potentialAction":[{"@type":"ReadAction","target":["https:\/\/villaripaud.com\/privacy\/"]}]},{"@type":"BreadcrumbList","@id":"https:\/\/villaripaud.com\/privacy\/#breadcrumb","itemListElement":[{"@type":"ListItem","position":1,"name":"Home","item":"https:\/\/villaripaud.com\/"},{"@type":"ListItem","position":2,"name":"Privacy Policy"}]},{"@type":"WebSite","@id":"https:\/\/villaripaud.com\/#website","url":"https:\/\/villaripaud.com\/","name":"Location de vacances dans les Corbi\u00e8res - Villa Ripaud","description":"Vacances dans les Corbi\u00e8res","publisher":{"@id":"https:\/\/villaripaud.com\/#organization"},"potentialAction":[{"@type":"SearchAction","target":{"@type":"EntryPoint","urlTemplate":"https:\/\/villaripaud.com\/?s={search_term_string}"},"query-input":{"@type":"PropertyValueSpecification","valueRequired":true,"valueName":"search_term_string"}}],"inLanguage":"fr-FR"},{"@type":"Organization","@id":"https:\/\/villaripaud.com\/#organization","name":"Location de vacances dans les Corbi\u00e8res - Villa Ripaud","url":"https:\/\/villaripaud.com\/","logo":{"@type":"ImageObject","inLanguage":"fr-FR","@id":"https:\/\/villaripaud.com\/#\/schema\/logo\/image\/","url":"https:\/\/villaripaud.com\/wp-content\/uploads\/2022\/07\/cropped-Villaripaud-Logo-500-\u00d7-300px.png","contentUrl":"https:\/\/villaripaud.com\/wp-content\/uploads\/2022\/07\/cropped-Villaripaud-Logo-500-\u00d7-300px.png","width":500,"height":200,"caption":"Holiday rental in the Corbi\u00e8res - Villa Ripaud"},"image":{"@id":"https:\/\/villaripaud.com\/#\/schema\/logo\/image\/"},"sameAs":["https:\/\/www.facebook.com\/VillaRipaud\/","https:\/\/www.instagram.com\/villaripaud\/"]}]}},"_links":{"self":[{"href":"https:\/\/villaripaud.com\/fr\/wp-json\/wp\/v2\/pages\/3","targetHints":{"allow":["GET"]}}],"collection":[{"href":"https:\/\/villaripaud.com\/fr\/wp-json\/wp\/v2\/pages"}],"about":[{"href":"https:\/\/villaripaud.com\/fr\/wp-json\/wp\/v2\/types\/page"}],"author":[{"embeddable":true,"href":"https:\/\/villaripaud.com\/fr\/wp-json\/wp\/v2\/users\/1"}],"replies":[{"embeddable":true,"href":"https:\/\/villaripaud.com\/fr\/wp-json\/wp\/v2\/comments?post=3"}],"version-history":[{"count":5,"href":"https:\/\/villaripaud.com\/fr\/wp-json\/wp\/v2\/pages\/3\/revisions"}],"predecessor-version":[{"id":1281,"href":"https:\/\/villaripaud.com\/fr\/wp-json\/wp\/v2\/pages\/3\/revisions\/1281"}],"wp:attachment":[{"href":"https:\/\/villaripaud.com\/fr\/wp-json\/wp\/v2\/media?parent=3"}],"curies":[{"name":"wp","href":"https:\/\/api.w.org\/{rel}","templated":true}]}}