{"id":1239,"date":"2022-08-01T12:32:47","date_gmt":"2022-08-01T10:32:47","guid":{"rendered":"http:\/\/villaripaud.com\/?page_id=1239"},"modified":"2022-08-06T14:38:51","modified_gmt":"2022-08-06T12:38:51","slug":"terms","status":"publish","type":"page","link":"https:\/\/villaripaud.com\/fr\/terms\/","title":{"rendered":"Terms &#038; Conditions"},"content":{"rendered":"<div data-elementor-type=\"wp-page\" data-elementor-id=\"1239\" class=\"elementor elementor-1239\">\n\t\t\t\t\t\t<section class=\"elementor-section elementor-top-section elementor-element elementor-element-58ff57d elementor-section-height-min-height elementor-section-boxed elementor-section-height-default elementor-section-items-middle\" data-id=\"58ff57d\" data-element_type=\"section\" data-e-type=\"section\" data-settings=\"{&quot;background_background&quot;:&quot;classic&quot;}\">\n\t\t\t\t\t\t\t<div class=\"elementor-background-overlay\"><\/div>\n\t\t\t\t\t\t\t<div class=\"elementor-container elementor-column-gap-default\">\n\t\t\t\t\t<div class=\"elementor-column elementor-col-100 elementor-top-column elementor-element elementor-element-ffdc171\" data-id=\"ffdc171\" data-element_type=\"column\" data-e-type=\"column\">\n\t\t\t<div class=\"elementor-widget-wrap elementor-element-populated\">\n\t\t\t\t\t\t<div class=\"elementor-element elementor-element-be8b792 elementor-widget elementor-widget-heading\" data-id=\"be8b792\" data-element_type=\"widget\" data-e-type=\"widget\" data-widget_type=\"heading.default\">\n\t\t\t\t<div class=\"elementor-widget-container\">\n\t\t\t\t\t<h1 class=\"elementor-heading-title elementor-size-xxl\">Conditions g\u00e9n\u00e9rales d'utilisation<\/h1>\t\t\t\t<\/div>\n\t\t\t\t<\/div>\n\t\t\t\t\t<\/div>\n\t\t<\/div>\n\t\t\t\t\t<\/div>\n\t\t<\/section>\n\t\t\t\t<section class=\"elementor-section elementor-top-section elementor-element elementor-element-864f218 elementor-section-boxed elementor-section-height-default elementor-section-height-default\" data-id=\"864f218\" data-element_type=\"section\" data-e-type=\"section\">\n\t\t\t\t\t\t<div class=\"elementor-container elementor-column-gap-default\">\n\t\t\t\t\t<div class=\"elementor-column elementor-col-100 elementor-top-column elementor-element elementor-element-35ca421\" data-id=\"35ca421\" data-element_type=\"column\" data-e-type=\"column\">\n\t\t\t<div class=\"elementor-widget-wrap elementor-element-populated\">\n\t\t\t\t\t\t<div class=\"elementor-element elementor-element-d2a0bdd elementor-widget elementor-widget-text-editor\" data-id=\"d2a0bdd\" data-element_type=\"widget\" data-e-type=\"widget\" data-widget_type=\"text-editor.default\">\n\t\t\t\t<div class=\"elementor-widget-container\">\n\t\t\t\t\t\t\t\t\t<h2 data-index=\"0\">Information<\/h2>\n<h5 id=\"pageContainer1\" class=\"_page_ysiwt_100\" data-index=\"0\">Arriv\u00e9e et D\u00e9part<\/h5>\n<p class=\"_page_ysiwt_100\" data-index=\"0\">L'enregistrement se fait entre 15h00 et 19h00 le jour de l'arriv\u00e9e. Les heures d'enregistrement autres que celles sp\u00e9cifi\u00e9es doivent \u00eatre confirm\u00e9es avec nous avant l'arriv\u00e9e. Nous vous demandons de lib\u00e9rer votre chambre avant 11h00 du matin le jour de votre d\u00e9part. Un d\u00e9part plus tardif ou le stockage de vos bagages peuvent \u00eatre arrang\u00e9s pendant votre s\u00e9jour.<\/p>\n\n<h5 class=\"_page_ysiwt_100\" data-index=\"0\">Parking<\/h5>\n<p class=\"_page_ysiwt_100\" data-index=\"0\">Une place de parking est disponible sur le site. Si n\u00e9cessaire, la t\u00e9l\u00e9commande du parking (Bip) vous sera fournie \u00e0 votre arriv\u00e9e. Il y a une caution de 100\u20ac pour le Bip du parking qui vous sera rendu au moment du d\u00e9part.<\/p>\n\n<h2 class=\"_page_ysiwt_100\" data-index=\"0\">Conditions de R\u00e9servation<\/h2>\n<h5 class=\"_page_ysiwt_100\" data-index=\"0\">Confirmation de R\u00e9servation<\/h5>\n<p class=\"_page_ysiwt_100\" data-index=\"0\">Un acompte de 30% est demand\u00e9 au moment de la r\u00e9servation par virement bancaire ou Paypal en euros (les paiements par Paypal entra\u00eenent une surcharge de 3%). Le paiement complet de votre s\u00e9jour est requis six semaines \u00e0 l'avance. Les r\u00e9servations effectu\u00e9es moins de six semaines \u00e0 l'avance doivent \u00eatre pay\u00e9es en totalit\u00e9 au moment de la r\u00e9servation.<\/p>\n\n<h5 class=\"_page_ysiwt_100\" data-index=\"0\">Annulation par l'Invit\u00e9<\/h5>\n<p class=\"_page_ysiwt_100\" data-index=\"0\">Nous sommes une petite entreprise, les annulations ont donc un impact important sur nous. Si l'annulation a lieu jusqu'\u00e0 six semaines avant la date d'arriv\u00e9e pr\u00e9vue, nous tenterons de trouver une nouvelle r\u00e9servation et, si nous y parvenons, nous vous restituerons votre acompte ou votre paiement int\u00e9gral. Si vous annulez votre r\u00e9servation dans les six semaines pr\u00e9c\u00e9dant la date d'arriv\u00e9e pr\u00e9vue, vous serez redevable de la totalit\u00e9 du prix de la r\u00e9servation. Nous vous conseillons de souscrire une assurance vacances pour parer \u00e0 cette \u00e9ventualit\u00e9. Il est tr\u00e8s difficile pour nous de trouver des r\u00e9servations \u00e0 court terme et il se peut que nous ayons refus\u00e9 des clients pour pouvoir vous accueillir.<\/p>\n\n<h5 class=\"_page_ysiwt_100\" data-index=\"0\">Annulation par Nous<\/h5>\n<p class=\"_page_ysiwt_100\" data-index=\"0\">S'il s'av\u00e8re n\u00e9cessaire d'annuler une r\u00e9servation, nous vous contacterons imm\u00e9diatement. Tout paiement effectu\u00e9 sera rembours\u00e9 dans son int\u00e9gralit\u00e9 et nous ferons de notre mieux pour vous aider \u00e0 trouver un logement dans la r\u00e9gion. Notre responsabilit\u00e9 ne s'\u00e9tend pas au-del\u00e0 de ces conditions.<\/p>\n\n<h5 class=\"_page_ysiwt_100\" data-index=\"0\">D\u00e9p\u00f4t de Garantie<\/h5>\n<p class=\"_page_ysiwt_100\" data-index=\"0\">Une caution de 100 \u20ac est demand\u00e9e en esp\u00e8ces ou par ch\u00e8que au moment de la r\u00e9servation. Elle sera restitu\u00e9e au moment du d\u00e9part, sauf en cas de dommages importants ou de nettoyage exceptionnel.<\/p>\n\n<h5 class=\"_page_ysiwt_100\" data-index=\"0\">Nettoyage<\/h5>\n<p class=\"_page_ysiwt_100\" data-index=\"0\">La propri\u00e9t\u00e9 sera propre, les lits et les serviettes seront fournis avant votre arriv\u00e9e. Veuillez ne pas utiliser les serviettes fournies pour la plage ou la piscine. La propri\u00e9t\u00e9 doit \u00eatre laiss\u00e9e propre et en ordre, avec le r\u00e9frig\u00e9rateur, les poubelles et le recyclage vid\u00e9s.  Un panier sera fourni pour les serviettes. Il n'est pas n\u00e9cessaire de d\u00e9faire les lits.<\/p>\n\n<h5 class=\"_page_ysiwt_100\" data-index=\"0\">D\u00e9placer votre S\u00e9jour<\/h5>\n<p class=\"_page_ysiwt_100\" data-index=\"0\">Votre r\u00e9servation est confirm\u00e9e une fois que vous avez pay\u00e9 votre acompte non remboursable. Si vous souhaitez modifier la date de votre s\u00e9jour, vous devez nous en informer par \u00e9crit. Les changements de date se feront \u00e0 notre discr\u00e9tion et en fonction des disponibilit\u00e9s. Vous ne pourrez consid\u00e9rer votre date comme chang\u00e9e que lorsque vous aurez re\u00e7u une confirmation \u00e9crite de notre part.<\/p>\n\n<h2>Donn\u00e9es<\/h2>\nCertaines des donn\u00e9es recueillies au cours d'une r\u00e9servation peuvent \u00eatre conserv\u00e9es sur ordinateur. Nous n'envoyons pas d'e-mails ou d'offres publicitaires, sauf si vous souhaitez les recevoir. Les donn\u00e9es sont conserv\u00e9es \u00e0 des fins comptables.\n<h5>Politique de R\u00e9siliation<\/h5>\nNous nous r\u00e9servons le droit, \u00e0 notre discr\u00e9tion, de mettre fin, sans pr\u00e9avis, au s\u00e9jour d'une personne lorsque cela est jug\u00e9 n\u00e9cessaire en raison d'un comportement inacceptable ou d'actions susceptibles de mettre en danger ou d'offenser d'autres personnes. Dans de telles circonstances, tout compte impay\u00e9 doit \u00eatre r\u00e9gl\u00e9, aucun remboursement ne sera effectu\u00e9. Nous nous r\u00e9servons le droit de modifier ces termes et conditions \u00e0 tout moment. Vous reconnaissez et acceptez que tous les droits de propri\u00e9t\u00e9 intellectuelle (y compris, mais sans s'y limiter, les droits d'auteur (y compris les droits sur les logiciels), les marques, les droits sur les bases de donn\u00e9es, les brevets et les inventions) relatifs au service sont notre propri\u00e9t\u00e9 et celle de nos conc\u00e9dants ou de nos contractants. Aucune disposition du pr\u00e9sent accord n'a pour effet de vous transf\u00e9rer ces droits de propri\u00e9t\u00e9 intellectuelle. Nous nous r\u00e9servons le droit de c\u00e9der ou de sous-traiter l'un de nos droits et obligations en vertu du pr\u00e9sent contrat sans vous en informer. Si une disposition de cet accord est jug\u00e9e inapplicable par un tribunal de la juridiction comp\u00e9tente, les autres dispositions resteront n\u00e9anmoins en vigueur et de plein effet.\t\t\t\t\t\t\t\t<\/div>\n\t\t\t\t<\/div>\n\t\t\t\t\t<\/div>\n\t\t<\/div>\n\t\t\t\t\t<\/div>\n\t\t<\/section>\n\t\t\t\t<\/div>","protected":false},"excerpt":{"rendered":"<p>Terms &#038; Conditions Information Arrival and Departure Check in is between 3pm and 7pm on the day of arrival. Check-in times outside of those specified must be confirmed with us prior to arrival. We ask that you please vacate your room by 11am on the morning of departure. A later check out, or storage of&#8230;<\/p>","protected":false},"author":2,"featured_media":0,"parent":0,"menu_order":0,"comment_status":"closed","ping_status":"closed","template":"","meta":{"_kad_post_transparent":"","_kad_post_title":"hide","_kad_post_layout":"fullwidth","_kad_post_sidebar_id":"","_kad_post_content_style":"unboxed","_kad_post_vertical_padding":"hide","_kad_post_feature":"hide","_kad_post_feature_position":"","_kad_post_header":false,"_kad_post_footer":false,"_kad_post_classname":"","footnotes":""},"class_list":["post-1239","page","type-page","status-publish","hentry"],"yoast_head":"<!-- This site is optimized with the Yoast SEO plugin v27.3 - https:\/\/yoast.com\/product\/yoast-seo-wordpress\/ -->\n<title>Terms &amp; Conditions | Holiday rental in the Corbi\u00e8res - Villa Ripaud<\/title>\n<meta name=\"description\" content=\"Villa Ripaud is in the National Park with breath-taking scenery. The grounds offer over a hectare of land and access to a swimming river.\" \/>\n<meta name=\"robots\" content=\"index, follow, max-snippet:-1, max-image-preview:large, max-video-preview:-1\" \/>\n<link rel=\"canonical\" href=\"https:\/\/villaripaud.com\/fr\/terms\/\" \/>\n<meta property=\"og:locale\" content=\"fr_FR\" \/>\n<meta property=\"og:type\" content=\"article\" \/>\n<meta property=\"og:title\" content=\"Terms &amp; Conditions | Holiday rental in the Corbi\u00e8res - Villa Ripaud\" \/>\n<meta property=\"og:description\" content=\"Villa Ripaud is in the National Park with breath-taking scenery. The grounds offer over a hectare of land and access to a swimming river.\" \/>\n<meta property=\"og:url\" content=\"https:\/\/villaripaud.com\/fr\/terms\/\" \/>\n<meta property=\"og:site_name\" content=\"Holiday rental in the Corbi\u00e8res - Villa Ripaud\" \/>\n<meta property=\"article:publisher\" content=\"https:\/\/www.facebook.com\/VillaRipaud\/\" \/>\n<meta property=\"article:modified_time\" content=\"2022-08-06T12:38:51+00:00\" \/>\n<meta property=\"og:image\" content=\"https:\/\/villaripaud.com\/wp-content\/uploads\/2022\/07\/Holidays-in-the-Corbieres2.jpg\" \/>\n\t<meta property=\"og:image:width\" content=\"1400\" \/>\n\t<meta property=\"og:image:height\" content=\"1050\" \/>\n\t<meta property=\"og:image:type\" content=\"image\/jpeg\" \/>\n<meta name=\"twitter:card\" content=\"summary_large_image\" \/>\n<meta name=\"twitter:label1\" content=\"Dur\u00e9e de lecture estim\u00e9e\" \/>\n\t<meta name=\"twitter:data1\" content=\"3 minutes\" \/>\n<script type=\"application\/ld+json\" class=\"yoast-schema-graph\">{\"@context\":\"https:\\\/\\\/schema.org\",\"@graph\":[{\"@type\":\"WebPage\",\"@id\":\"https:\\\/\\\/villaripaud.com\\\/terms\\\/\",\"url\":\"https:\\\/\\\/villaripaud.com\\\/terms\\\/\",\"name\":\"Terms & Conditions | Holiday rental in the Corbi\u00e8res - Villa Ripaud\",\"isPartOf\":{\"@id\":\"https:\\\/\\\/villaripaud.com\\\/#website\"},\"datePublished\":\"2022-08-01T10:32:47+00:00\",\"dateModified\":\"2022-08-06T12:38:51+00:00\",\"description\":\"Villa Ripaud is in the National Park with breath-taking scenery. The grounds offer over a hectare of land and access to a swimming river.\",\"breadcrumb\":{\"@id\":\"https:\\\/\\\/villaripaud.com\\\/terms\\\/#breadcrumb\"},\"inLanguage\":\"fr-FR\",\"potentialAction\":[{\"@type\":\"ReadAction\",\"target\":[\"https:\\\/\\\/villaripaud.com\\\/terms\\\/\"]}]},{\"@type\":\"BreadcrumbList\",\"@id\":\"https:\\\/\\\/villaripaud.com\\\/terms\\\/#breadcrumb\",\"itemListElement\":[{\"@type\":\"ListItem\",\"position\":1,\"name\":\"Home\",\"item\":\"https:\\\/\\\/villaripaud.com\\\/\"},{\"@type\":\"ListItem\",\"position\":2,\"name\":\"Terms &#038; Conditions\"}]},{\"@type\":\"WebSite\",\"@id\":\"https:\\\/\\\/villaripaud.com\\\/#website\",\"url\":\"https:\\\/\\\/villaripaud.com\\\/\",\"name\":\"Holiday rental in the Corbi\u00e8res - Villa Ripaud\",\"description\":\"Holidays in the Corbi\u00e8res\",\"publisher\":{\"@id\":\"https:\\\/\\\/villaripaud.com\\\/#organization\"},\"potentialAction\":[{\"@type\":\"SearchAction\",\"target\":{\"@type\":\"EntryPoint\",\"urlTemplate\":\"https:\\\/\\\/villaripaud.com\\\/?s={search_term_string}\"},\"query-input\":{\"@type\":\"PropertyValueSpecification\",\"valueRequired\":true,\"valueName\":\"search_term_string\"}}],\"inLanguage\":\"fr-FR\"},{\"@type\":\"Organization\",\"@id\":\"https:\\\/\\\/villaripaud.com\\\/#organization\",\"name\":\"Holiday rental in the Corbi\u00e8res - Villa Ripaud\",\"url\":\"https:\\\/\\\/villaripaud.com\\\/\",\"logo\":{\"@type\":\"ImageObject\",\"inLanguage\":\"fr-FR\",\"@id\":\"https:\\\/\\\/villaripaud.com\\\/#\\\/schema\\\/logo\\\/image\\\/\",\"url\":\"https:\\\/\\\/villaripaud.com\\\/wp-content\\\/uploads\\\/2022\\\/07\\\/cropped-Villaripaud-Logo-500-\u00d7-300px.png\",\"contentUrl\":\"https:\\\/\\\/villaripaud.com\\\/wp-content\\\/uploads\\\/2022\\\/07\\\/cropped-Villaripaud-Logo-500-\u00d7-300px.png\",\"width\":500,\"height\":200,\"caption\":\"Holiday rental in the Corbi\u00e8res - Villa Ripaud\"},\"image\":{\"@id\":\"https:\\\/\\\/villaripaud.com\\\/#\\\/schema\\\/logo\\\/image\\\/\"},\"sameAs\":[\"https:\\\/\\\/www.facebook.com\\\/VillaRipaud\\\/\",\"https:\\\/\\\/www.instagram.com\\\/villaripaud\\\/\"]}]}<\/script>\n<!-- \/ Yoast SEO plugin. -->","yoast_head_json":{"title":"Terms & Conditions | Holiday rental in the Corbi\u00e8res - Villa Ripaud","description":"Villa Ripaud is in the National Park with breath-taking scenery. The grounds offer over a hectare of land and access to a swimming river.","robots":{"index":"index","follow":"follow","max-snippet":"max-snippet:-1","max-image-preview":"max-image-preview:large","max-video-preview":"max-video-preview:-1"},"canonical":"https:\/\/villaripaud.com\/fr\/terms\/","og_locale":"fr_FR","og_type":"article","og_title":"Terms & Conditions | Holiday rental in the Corbi\u00e8res - Villa Ripaud","og_description":"Villa Ripaud is in the National Park with breath-taking scenery. The grounds offer over a hectare of land and access to a swimming river.","og_url":"https:\/\/villaripaud.com\/fr\/terms\/","og_site_name":"Holiday rental in the Corbi\u00e8res - Villa Ripaud","article_publisher":"https:\/\/www.facebook.com\/VillaRipaud\/","article_modified_time":"2022-08-06T12:38:51+00:00","og_image":[{"width":1400,"height":1050,"url":"https:\/\/villaripaud.com\/wp-content\/uploads\/2022\/07\/Holidays-in-the-Corbieres2.jpg","type":"image\/jpeg"}],"twitter_card":"summary_large_image","twitter_misc":{"Dur\u00e9e de lecture estim\u00e9e":"3 minutes"},"schema":{"@context":"https:\/\/schema.org","@graph":[{"@type":"WebPage","@id":"https:\/\/villaripaud.com\/terms\/","url":"https:\/\/villaripaud.com\/terms\/","name":"Terms & Conditions | Holiday rental in the Corbi\u00e8res - Villa Ripaud","isPartOf":{"@id":"https:\/\/villaripaud.com\/#website"},"datePublished":"2022-08-01T10:32:47+00:00","dateModified":"2022-08-06T12:38:51+00:00","description":"Villa Ripaud is in the National Park with breath-taking scenery. The grounds offer over a hectare of land and access to a swimming river.","breadcrumb":{"@id":"https:\/\/villaripaud.com\/terms\/#breadcrumb"},"inLanguage":"fr-FR","potentialAction":[{"@type":"ReadAction","target":["https:\/\/villaripaud.com\/terms\/"]}]},{"@type":"BreadcrumbList","@id":"https:\/\/villaripaud.com\/terms\/#breadcrumb","itemListElement":[{"@type":"ListItem","position":1,"name":"Home","item":"https:\/\/villaripaud.com\/"},{"@type":"ListItem","position":2,"name":"Terms &#038; Conditions"}]},{"@type":"WebSite","@id":"https:\/\/villaripaud.com\/#website","url":"https:\/\/villaripaud.com\/","name":"Location de vacances dans les Corbi\u00e8res - Villa Ripaud","description":"Holidays in the Corbi\u00e8res","publisher":{"@id":"https:\/\/villaripaud.com\/#organization"},"potentialAction":[{"@type":"SearchAction","target":{"@type":"EntryPoint","urlTemplate":"https:\/\/villaripaud.com\/?s={search_term_string}"},"query-input":{"@type":"PropertyValueSpecification","valueRequired":true,"valueName":"search_term_string"}}],"inLanguage":"fr-FR"},{"@type":"Organization","@id":"https:\/\/villaripaud.com\/#organization","name":"Location de vacances dans les Corbi\u00e8res - Villa Ripaud","url":"https:\/\/villaripaud.com\/","logo":{"@type":"ImageObject","inLanguage":"fr-FR","@id":"https:\/\/villaripaud.com\/#\/schema\/logo\/image\/","url":"https:\/\/villaripaud.com\/wp-content\/uploads\/2022\/07\/cropped-Villaripaud-Logo-500-\u00d7-300px.png","contentUrl":"https:\/\/villaripaud.com\/wp-content\/uploads\/2022\/07\/cropped-Villaripaud-Logo-500-\u00d7-300px.png","width":500,"height":200,"caption":"Holiday rental in the Corbi\u00e8res - Villa Ripaud"},"image":{"@id":"https:\/\/villaripaud.com\/#\/schema\/logo\/image\/"},"sameAs":["https:\/\/www.facebook.com\/VillaRipaud\/","https:\/\/www.instagram.com\/villaripaud\/"]}]}},"_links":{"self":[{"href":"https:\/\/villaripaud.com\/fr\/wp-json\/wp\/v2\/pages\/1239","targetHints":{"allow":["GET"]}}],"collection":[{"href":"https:\/\/villaripaud.com\/fr\/wp-json\/wp\/v2\/pages"}],"about":[{"href":"https:\/\/villaripaud.com\/fr\/wp-json\/wp\/v2\/types\/page"}],"author":[{"embeddable":true,"href":"https:\/\/villaripaud.com\/fr\/wp-json\/wp\/v2\/users\/2"}],"replies":[{"embeddable":true,"href":"https:\/\/villaripaud.com\/fr\/wp-json\/wp\/v2\/comments?post=1239"}],"version-history":[{"count":5,"href":"https:\/\/villaripaud.com\/fr\/wp-json\/wp\/v2\/pages\/1239\/revisions"}],"predecessor-version":[{"id":1275,"href":"https:\/\/villaripaud.com\/fr\/wp-json\/wp\/v2\/pages\/1239\/revisions\/1275"}],"wp:attachment":[{"href":"https:\/\/villaripaud.com\/fr\/wp-json\/wp\/v2\/media?parent=1239"}],"curies":[{"name":"wp","href":"https:\/\/api.w.org\/{rel}","templated":true}]}}